{"id":1699,"date":"2026-01-18T12:35:38","date_gmt":"2026-01-18T17:35:38","guid":{"rendered":"https:\/\/industriacolibri.com\/?post_type=product&#038;p=1699"},"modified":"2026-01-18T12:36:13","modified_gmt":"2026-01-18T17:36:13","slug":"access-point-cpe-5ghz-c-antena-13dbi-exterior","status":"publish","type":"product","link":"https:\/\/industriacolibri.com\/?product=access-point-cpe-5ghz-c-antena-13dbi-exterior","title":{"rendered":"ACCESS POINT CPE 5GHZ C\/ANTENA 13DBI EXTERIOR"},"content":{"rendered":"<p class=\"h3\">ACCESS POINT CPE 5GHZ C\/ANTENA 13DBI EXTERIOR<\/p>\n<p>TP-CPE510<\/p>\n<ul style=\"font-weight: 400;\">\n<li>Antenas MIMO direccionales doblemente\u00a0polarizadas de 13dBi y 2&#215;2<\/li>\n<li>Potencia de transmisi\u00f3n ajustable de 0 a 23 dBm.<\/li>\n<li>Optimizaciones a nivel de sistema para la transmisi\u00f3n inal\u00e1mbrica de m\u00e1s de 15 kil\u00f3metros de alcance<\/li>\n<li>La tecnolog\u00eda TP-LINK Pharos MAXtream TDMA(Time-Division-Multiple-Access) mejora el rendimiento del producto, la capacidad y la latencia, ideal para aplicaciones PTMP<\/li>\n<li>Sistema de Gesti\u00f3n Centralizada &#8211; Pharos\u00a0Control<\/li>\n<li>Modos de operaci\u00f3n: AP \/ Cliente \/ AP Router \/ AP Router Cliente (WISP)<\/li>\n<li>Adaptador PoE Pasivo admite un m\u00e1ximo de 60 metros (200 pies) de implementaci\u00f3n PoE y permite que el dispositivo se resetee remotamente<\/li>\n<\/ul>\n","protected":false},"excerpt":{"rendered":"<p>ACCESS POINT CPE 5GHZ C\/ANTENA 13DBI EXTERIOR TP-CPE510 Antenas MIMO direccionales doblemente\u00a0polarizadas de 13dBi y 2&#215;2 Potencia de transmisi\u00f3n ajustable<\/p>\n","protected":false},"featured_media":1748,"comment_status":"open","ping_status":"closed","template":"","meta":[],"product_brand":[],"product_cat":[171],"product_tag":[],"class_list":{"0":"post-1699","1":"product","2":"type-product","3":"status-publish","4":"has-post-thumbnail","6":"product_cat-router-inalambricos","8":"first","9":"instock","10":"shipping-taxable","11":"purchasable","12":"product-type-simple"},"jetpack_sharing_enabled":true,"_links":{"self":[{"href":"https:\/\/industriacolibri.com\/index.php?rest_route=\/wp\/v2\/product\/1699","targetHints":{"allow":["GET"]}}],"collection":[{"href":"https:\/\/industriacolibri.com\/index.php?rest_route=\/wp\/v2\/product"}],"about":[{"href":"https:\/\/industriacolibri.com\/index.php?rest_route=\/wp\/v2\/types\/product"}],"replies":[{"embeddable":true,"href":"https:\/\/industriacolibri.com\/index.php?rest_route=%2Fwp%2Fv2%2Fcomments&post=1699"}],"wp:featuredmedia":[{"embeddable":true,"href":"https:\/\/industriacolibri.com\/index.php?rest_route=\/wp\/v2\/media\/1748"}],"wp:attachment":[{"href":"https:\/\/industriacolibri.com\/index.php?rest_route=%2Fwp%2Fv2%2Fmedia&parent=1699"}],"wp:term":[{"taxonomy":"product_brand","embeddable":true,"href":"https:\/\/industriacolibri.com\/index.php?rest_route=%2Fwp%2Fv2%2Fproduct_brand&post=1699"},{"taxonomy":"product_cat","embeddable":true,"href":"https:\/\/industriacolibri.com\/index.php?rest_route=%2Fwp%2Fv2%2Fproduct_cat&post=1699"},{"taxonomy":"product_tag","embeddable":true,"href":"https:\/\/industriacolibri.com\/index.php?rest_route=%2Fwp%2Fv2%2Fproduct_tag&post=1699"}],"curies":[{"name":"wp","href":"https:\/\/api.w.org\/{rel}","templated":true}]}}