{"id":1694,"date":"2026-01-18T12:35:37","date_gmt":"2026-01-18T17:35:37","guid":{"rendered":"https:\/\/industriacolibri.com\/?post_type=product&#038;p=1694"},"modified":"2026-01-18T12:36:08","modified_gmt":"2026-01-18T17:36:08","slug":"access-point-ax1800-p-techo-wifi-6","status":"publish","type":"product","link":"https:\/\/industriacolibri.com\/?product=access-point-ax1800-p-techo-wifi-6","title":{"rendered":"ACCESS POINT AX1800 P\/TECHO WIFI 6"},"content":{"rendered":"<p class=\"h3\">ACCESS POINT AX1800 P\/TECHO WIFI 6<\/p>\n<p>TP-EAP620-HD<\/p>\n<ul>\n<li><span>Wi-Fi ultrarr\u00e1pido 6 velocidades<\/span><span>\u00a0: 574 Mbps simult\u00e1neos en 2,4 GHz y 1201 Mbps en 5 GHz totalizan velocidades Wi-Fi de 1775 Mbps.<\/span><sup><span>\u00a0<\/span><\/sup><\/li>\n<li><span>Conectividad de alta densidad<\/span><span>\u00a0: 4 veces mayor capacidad para conectar m\u00e1s dispositivos simult\u00e1neamente.<\/span><sup><span>\u00a0<\/span><\/sup><\/li>\n<li><span>Integrado en Omada SDN<\/span><span>\u00a0: Zero-Touch Provisioning (ZTP)<\/span><sup><span>\u00a0\u00a7\u00a0<\/span><\/sup><span>, administraci\u00f3n centralizada de la nube y monitoreo inteligente.<\/span><\/li>\n<li><span>Administraci\u00f3n centralizada<\/span><span>\u00a0: acceso a la nube y aplicaci\u00f3n Omada para una administraci\u00f3n ultra conveniente y f\u00e1cil.<\/span><sup><span>\u00a0<\/span><\/sup><\/li>\n<li><span>Roaming continuo<\/span><span>\u00a0: incluso las transmisiones de video y las llamadas de voz no se ven afectadas cuando los usuarios se mueven entre ubicaciones.\u00a0<\/span><\/li>\n<li><span>Compatibilidad con PoE+<\/span><span>\u00a0: Admite alimentaci\u00f3n a trav\u00e9s de Ethernet (802.3at) para una implementaci\u00f3n e instalaci\u00f3n convenientes.<\/span><\/li>\n<li><span>Red de invitados segura<\/span><span>\u00a0: junto con m\u00faltiples opciones de autenticaci\u00f3n (SMS\/Facebook Wi-Fi\/vale, etc.) y abundantes tecnolog\u00edas de seguridad inal\u00e1mbrica.\u00a0<\/span><\/li>\n<\/ul>\n","protected":false},"excerpt":{"rendered":"<p>ACCESS POINT AX1800 P\/TECHO WIFI 6 TP-EAP620-HD Wi-Fi ultrarr\u00e1pido 6 velocidades\u00a0: 574 Mbps simult\u00e1neos en 2,4 GHz y 1201 Mbps<\/p>\n","protected":false},"featured_media":1744,"comment_status":"open","ping_status":"closed","template":"","meta":[],"product_brand":[],"product_cat":[171],"product_tag":[],"class_list":{"0":"post-1694","1":"product","2":"type-product","3":"status-publish","4":"has-post-thumbnail","6":"product_cat-router-inalambricos","8":"first","9":"instock","10":"shipping-taxable","11":"purchasable","12":"product-type-simple"},"jetpack_sharing_enabled":true,"_links":{"self":[{"href":"https:\/\/industriacolibri.com\/index.php?rest_route=\/wp\/v2\/product\/1694","targetHints":{"allow":["GET"]}}],"collection":[{"href":"https:\/\/industriacolibri.com\/index.php?rest_route=\/wp\/v2\/product"}],"about":[{"href":"https:\/\/industriacolibri.com\/index.php?rest_route=\/wp\/v2\/types\/product"}],"replies":[{"embeddable":true,"href":"https:\/\/industriacolibri.com\/index.php?rest_route=%2Fwp%2Fv2%2Fcomments&post=1694"}],"wp:featuredmedia":[{"embeddable":true,"href":"https:\/\/industriacolibri.com\/index.php?rest_route=\/wp\/v2\/media\/1744"}],"wp:attachment":[{"href":"https:\/\/industriacolibri.com\/index.php?rest_route=%2Fwp%2Fv2%2Fmedia&parent=1694"}],"wp:term":[{"taxonomy":"product_brand","embeddable":true,"href":"https:\/\/industriacolibri.com\/index.php?rest_route=%2Fwp%2Fv2%2Fproduct_brand&post=1694"},{"taxonomy":"product_cat","embeddable":true,"href":"https:\/\/industriacolibri.com\/index.php?rest_route=%2Fwp%2Fv2%2Fproduct_cat&post=1694"},{"taxonomy":"product_tag","embeddable":true,"href":"https:\/\/industriacolibri.com\/index.php?rest_route=%2Fwp%2Fv2%2Fproduct_tag&post=1694"}],"curies":[{"name":"wp","href":"https:\/\/api.w.org\/{rel}","templated":true}]}}