{"id":1690,"date":"2026-01-18T12:35:37","date_gmt":"2026-01-18T17:35:37","guid":{"rendered":"https:\/\/industriacolibri.com\/?post_type=product&#038;p=1690"},"modified":"2026-01-18T12:35:55","modified_gmt":"2026-01-18T17:35:55","slug":"access-point-400mbps-2-4-5-ghz-business-exterior","status":"publish","type":"product","link":"https:\/\/industriacolibri.com\/?product=access-point-400mbps-2-4-5-ghz-business-exterior","title":{"rendered":"ACCESS POINT 400MBPS 2.4\/5 GHZ BUSINESS EXTERIOR"},"content":{"rendered":"<p class=\"h3\">ACCESS POINT 400MBPS 2.4\/5 GHZ BUSINESS EXTERIOR<\/p>\n<p>TP-EAP225-OUTDOOR<\/p>\n<ul>\n<li><b>Ideal para entornos al aire libre:<\/b>\u00a0carcasa resistente a la intemperie IP65 para aplicaciones Wi-Fi en exteriores.<\/li>\n<li><b>Wi-Fi r\u00e1pido de doble banda:<\/b>\u00a0300 Mbps simult\u00e1neos en 2.4 GHz y 867 Mbps en 5 GHz totalizan velocidades de Wi-Fi de 1167 Mbps. \u2020<\/li>\n<li><b>Cobertura de largo alcance:<\/b>\u00a0amplificador de alta potencia dedicado y antenas profesionales junto con la tecnolog\u00eda 802.11ac Wave 2 MU-MIMO de \u00faltima generaci\u00f3n.<\/li>\n<li><b>Integrado en Omada SDN:\u00a0<\/b>Zero-Touch Provisioning (ZTP) \u2021, Administraci\u00f3n centralizada de la nube y monitorizaci\u00f3n\u00a0inteligente.<\/li>\n<li><b>Gesti\u00f3n centralizada:\u00a0<\/b>acceso a la nube y aplicaci\u00f3n Omada para una mayor comodidad y f\u00e1cil gesti\u00f3n.<\/li>\n<li><b>Tecnolog\u00eda Omada Mesh:\u00a0<\/b>permite la conectividad inal\u00e1mbrica entre AP para un rango extendido, lo que hace que las implementaciones inal\u00e1mbricas sean m\u00e1s flexibles y convenientes.<\/li>\n<li><b>Roaming sin interrupciones:\u00a0<\/b>incluso las transmisiones de video y las llamadas de voz no se ven afectadas a medida que los usuarios se mueven entre ubicaciones.<\/li>\n<li><b>Soporte PoE:<\/b>\u00a0admite tanto el est\u00e1ndar 802.3af \/ at como el PoE pasivo (adaptador PoE incluido) para instalaciones flexibles.<\/li>\n<\/ul>\n","protected":false},"excerpt":{"rendered":"<p>ACCESS POINT 400MBPS 2.4\/5 GHZ BUSINESS EXTERIOR TP-EAP225-OUTDOOR Ideal para entornos al aire libre:\u00a0carcasa resistente a la intemperie IP65 para<\/p>\n","protected":false},"featured_media":1718,"comment_status":"open","ping_status":"closed","template":"","meta":[],"product_brand":[],"product_cat":[171],"product_tag":[],"class_list":{"0":"post-1690","1":"product","2":"type-product","3":"status-publish","4":"has-post-thumbnail","6":"product_cat-router-inalambricos","8":"first","9":"instock","10":"shipping-taxable","11":"purchasable","12":"product-type-simple"},"jetpack_sharing_enabled":true,"_links":{"self":[{"href":"https:\/\/industriacolibri.com\/index.php?rest_route=\/wp\/v2\/product\/1690","targetHints":{"allow":["GET"]}}],"collection":[{"href":"https:\/\/industriacolibri.com\/index.php?rest_route=\/wp\/v2\/product"}],"about":[{"href":"https:\/\/industriacolibri.com\/index.php?rest_route=\/wp\/v2\/types\/product"}],"replies":[{"embeddable":true,"href":"https:\/\/industriacolibri.com\/index.php?rest_route=%2Fwp%2Fv2%2Fcomments&post=1690"}],"wp:featuredmedia":[{"embeddable":true,"href":"https:\/\/industriacolibri.com\/index.php?rest_route=\/wp\/v2\/media\/1718"}],"wp:attachment":[{"href":"https:\/\/industriacolibri.com\/index.php?rest_route=%2Fwp%2Fv2%2Fmedia&parent=1690"}],"wp:term":[{"taxonomy":"product_brand","embeddable":true,"href":"https:\/\/industriacolibri.com\/index.php?rest_route=%2Fwp%2Fv2%2Fproduct_brand&post=1690"},{"taxonomy":"product_cat","embeddable":true,"href":"https:\/\/industriacolibri.com\/index.php?rest_route=%2Fwp%2Fv2%2Fproduct_cat&post=1690"},{"taxonomy":"product_tag","embeddable":true,"href":"https:\/\/industriacolibri.com\/index.php?rest_route=%2Fwp%2Fv2%2Fproduct_tag&post=1690"}],"curies":[{"name":"wp","href":"https:\/\/api.w.org\/{rel}","templated":true}]}}