{"id":1294,"date":"2026-01-18T12:30:50","date_gmt":"2026-01-18T17:30:50","guid":{"rendered":"https:\/\/industriacolibri.com\/?post_type=product&#038;p=1294"},"modified":"2026-01-18T12:31:10","modified_gmt":"2026-01-18T17:31:10","slug":"intercomunicador-pe-2703","status":"publish","type":"product","link":"https:\/\/industriacolibri.com\/?product=intercomunicador-pe-2703","title":{"rendered":"INTERCOMUNICADOR-PE-2703"},"content":{"rendered":"<p>INTERCOMUNICADORES-PE-2703<\/p>\n<ul>\n<li>PORTERO DE ALUMINIO PARA EMPOTRAR<\/li>\n<li>INTERCOMUNICADOR CON COMUNICACI\u00d3N INTERNA<\/li>\n<li>DISTANCIA M\u00c1XIMA DE 100 METROS<\/li>\n<li>ACTIVA CERRADURA EL\u00c9CTRICA<\/li>\n<\/ul>\n","protected":false},"excerpt":{"rendered":"<p>INTERCOMUNICADORES-PE-2703 PORTERO DE ALUMINIO PARA EMPOTRAR INTERCOMUNICADOR CON COMUNICACI\u00d3N INTERNA DISTANCIA M\u00c1XIMA DE 100 METROS ACTIVA CERRADURA EL\u00c9CTRICA<\/p>\n","protected":false},"featured_media":1326,"comment_status":"open","ping_status":"closed","template":"","meta":[],"product_brand":[],"product_cat":[30],"product_tag":[151,150],"class_list":{"0":"post-1294","1":"product","2":"type-product","3":"status-publish","4":"has-post-thumbnail","6":"product_cat-videoporteros","7":"product_tag-intercomunicadores","8":"product_tag-linea-casa-audio","10":"first","11":"instock","12":"shipping-taxable","13":"purchasable","14":"product-type-simple"},"jetpack_sharing_enabled":true,"_links":{"self":[{"href":"https:\/\/industriacolibri.com\/index.php?rest_route=\/wp\/v2\/product\/1294","targetHints":{"allow":["GET"]}}],"collection":[{"href":"https:\/\/industriacolibri.com\/index.php?rest_route=\/wp\/v2\/product"}],"about":[{"href":"https:\/\/industriacolibri.com\/index.php?rest_route=\/wp\/v2\/types\/product"}],"replies":[{"embeddable":true,"href":"https:\/\/industriacolibri.com\/index.php?rest_route=%2Fwp%2Fv2%2Fcomments&post=1294"}],"wp:featuredmedia":[{"embeddable":true,"href":"https:\/\/industriacolibri.com\/index.php?rest_route=\/wp\/v2\/media\/1326"}],"wp:attachment":[{"href":"https:\/\/industriacolibri.com\/index.php?rest_route=%2Fwp%2Fv2%2Fmedia&parent=1294"}],"wp:term":[{"taxonomy":"product_brand","embeddable":true,"href":"https:\/\/industriacolibri.com\/index.php?rest_route=%2Fwp%2Fv2%2Fproduct_brand&post=1294"},{"taxonomy":"product_cat","embeddable":true,"href":"https:\/\/industriacolibri.com\/index.php?rest_route=%2Fwp%2Fv2%2Fproduct_cat&post=1294"},{"taxonomy":"product_tag","embeddable":true,"href":"https:\/\/industriacolibri.com\/index.php?rest_route=%2Fwp%2Fv2%2Fproduct_tag&post=1294"}],"curies":[{"name":"wp","href":"https:\/\/api.w.org\/{rel}","templated":true}]}}