{"id":1289,"date":"2026-01-18T12:30:44","date_gmt":"2026-01-18T17:30:44","guid":{"rendered":"https:\/\/industriacolibri.com\/?post_type=product&#038;p=1289"},"modified":"2026-01-18T12:31:05","modified_gmt":"2026-01-18T17:31:05","slug":"fuente-c-cargador-de-bat-ent-220vac-sal-12vdc-5amp","status":"publish","type":"product","link":"https:\/\/industriacolibri.com\/?product=fuente-c-cargador-de-bat-ent-220vac-sal-12vdc-5amp","title":{"rendered":"FUENTE C CARGADOR DE BAT ENT 220VAC SAL 12VDC 5AMP"},"content":{"rendered":"<p>ZK-PS902B<\/p>\n<ul>\n<li>Fuente de Alimentaci\u00f3n de Alta calidad dise\u00f1ado con regulador linear:<\/li>\n<li>Caracter\u00edsticas de Alta estabilidad y bajo ruido que lo hacen un dise\u00f1o ideal<\/li>\n<li>Gabinete Robusto: Cada unidad de fuente de alimentaci\u00f3n viene dentro de un gabinete de aluminio robusto con tapa con bisagras para un f\u00e1cil acceso<\/li>\n<li>Protecci\u00f3n autom\u00e1tica: protegido de corto circuitos y sobre cargas; operaci\u00f3n autom\u00e1tica en modo a prueba de fallas<\/li>\n<li>Conexi\u00f3n a bater\u00eda de respaldo, que conmuta autom\u00e1ticamente a modo de operaci\u00f3n a bater\u00eda en caso de falla de AC.<\/li>\n<\/ul>\n","protected":false},"excerpt":{"rendered":"<p>ZK-PS902B Fuente de Alimentaci\u00f3n de Alta calidad dise\u00f1ado con regulador linear: Caracter\u00edsticas de Alta estabilidad y bajo ruido que lo<\/p>\n","protected":false},"featured_media":1321,"comment_status":"open","ping_status":"closed","template":"","meta":[],"product_brand":[],"product_cat":[130],"product_tag":[141,142,143],"class_list":{"0":"post-1289","1":"product","2":"type-product","3":"status-publish","4":"has-post-thumbnail","6":"product_cat-control-de-accesos","7":"product_tag-12v","8":"product_tag-control-de-accesos","9":"product_tag-fuente-de-alimentacion","11":"first","12":"instock","13":"shipping-taxable","14":"purchasable","15":"product-type-simple"},"jetpack_sharing_enabled":true,"_links":{"self":[{"href":"https:\/\/industriacolibri.com\/index.php?rest_route=\/wp\/v2\/product\/1289","targetHints":{"allow":["GET"]}}],"collection":[{"href":"https:\/\/industriacolibri.com\/index.php?rest_route=\/wp\/v2\/product"}],"about":[{"href":"https:\/\/industriacolibri.com\/index.php?rest_route=\/wp\/v2\/types\/product"}],"replies":[{"embeddable":true,"href":"https:\/\/industriacolibri.com\/index.php?rest_route=%2Fwp%2Fv2%2Fcomments&post=1289"}],"wp:featuredmedia":[{"embeddable":true,"href":"https:\/\/industriacolibri.com\/index.php?rest_route=\/wp\/v2\/media\/1321"}],"wp:attachment":[{"href":"https:\/\/industriacolibri.com\/index.php?rest_route=%2Fwp%2Fv2%2Fmedia&parent=1289"}],"wp:term":[{"taxonomy":"product_brand","embeddable":true,"href":"https:\/\/industriacolibri.com\/index.php?rest_route=%2Fwp%2Fv2%2Fproduct_brand&post=1289"},{"taxonomy":"product_cat","embeddable":true,"href":"https:\/\/industriacolibri.com\/index.php?rest_route=%2Fwp%2Fv2%2Fproduct_cat&post=1289"},{"taxonomy":"product_tag","embeddable":true,"href":"https:\/\/industriacolibri.com\/index.php?rest_route=%2Fwp%2Fv2%2Fproduct_tag&post=1289"}],"curies":[{"name":"wp","href":"https:\/\/api.w.org\/{rel}","templated":true}]}}