{"id":1287,"date":"2026-01-18T12:30:42","date_gmt":"2026-01-18T17:30:42","guid":{"rendered":"https:\/\/industriacolibri.com\/?post_type=product&#038;p=1287"},"modified":"2026-01-18T12:31:03","modified_gmt":"2026-01-18T17:31:03","slug":"control-de-acceso-tf1600","status":"publish","type":"product","link":"https:\/\/industriacolibri.com\/?product=control-de-acceso-tf1600","title":{"rendered":"Control de acceso TF1600"},"content":{"rendered":"<p>TF1600<\/p>\n<p>Control de Acceso Biom\u00e9trico con \u00cdndice de Protecci\u00f3n IP65<\/p>\n<ul>\n<li>Textura Rugosa para Extra Duraci\u00f3n.<\/li>\n<li>Resistente al Frio.<\/li>\n<li>F\u00e1cil y Preciso Algoritmo de Huella.<\/li>\n<li>F\u00e1cil Intalaci\u00f3n y Conectividad.<\/li>\n<li>Caracteristicas Completas de Control de Acceso.<\/li>\n<li>Die\u00f1o Delgado y Elegante.<\/li>\n<\/ul>\n","protected":false},"excerpt":{"rendered":"<p>Es una de las terminales IP con detecci\u00f3n de huella m\u00e1s compactas del mundo con control de acceso y gesti\u00f3n de tiempo y asistencia, TF1600 est\u00e1 especialmente dise\u00f1ado para trabajar en ambiente exterior, resistente a condiciones de muy baja temperatura. Con resistencias incorporadas, el dispositivo se calentar\u00e1 autom\u00e1ticamente por s\u00ed mismo, si su MCU detecta que la temperatura est\u00e1 por debajo del requisito para trabajo.<\/p>\n<p>TF1600 est\u00e1 adaptado para temperaturas de funcionamiento que oscilan desde -40\u00b0c hasta 45\u00b0c, maximizando el m\u00ednimo ambiente de trabajo. Equipado con el \ufb01rmware m\u00e1s reciente, el TF1600 apoya la gesti\u00f3n del software ZKAccess3.5 que cuenta con caracter\u00edsticas vers\u00e1tiles y potentes funciones. Aunque no cuenta con teclado, los usuarios se pueden registrar en el dispositivo por una Tarjeta Maestra ya que est\u00e1 integrado con lector de tarjeta de proximidad 125KHz. Tambi\u00e9n puede completar la inscripci\u00f3n a trav\u00e9s de la conexi\u00f3n con el software ZKAccess3.5 por Ethernet.<\/p>\n","protected":false},"featured_media":1318,"comment_status":"open","ping_status":"closed","template":"","meta":[],"product_brand":[],"product_cat":[130],"product_tag":[132,133],"class_list":{"0":"post-1287","1":"product","2":"type-product","3":"status-publish","4":"has-post-thumbnail","6":"product_cat-control-de-accesos","7":"product_tag-biometrico-ip","8":"product_tag-control-de-acceso","10":"first","11":"instock","12":"shipping-taxable","13":"purchasable","14":"product-type-simple"},"jetpack_sharing_enabled":true,"_links":{"self":[{"href":"https:\/\/industriacolibri.com\/index.php?rest_route=\/wp\/v2\/product\/1287","targetHints":{"allow":["GET"]}}],"collection":[{"href":"https:\/\/industriacolibri.com\/index.php?rest_route=\/wp\/v2\/product"}],"about":[{"href":"https:\/\/industriacolibri.com\/index.php?rest_route=\/wp\/v2\/types\/product"}],"replies":[{"embeddable":true,"href":"https:\/\/industriacolibri.com\/index.php?rest_route=%2Fwp%2Fv2%2Fcomments&post=1287"}],"wp:featuredmedia":[{"embeddable":true,"href":"https:\/\/industriacolibri.com\/index.php?rest_route=\/wp\/v2\/media\/1318"}],"wp:attachment":[{"href":"https:\/\/industriacolibri.com\/index.php?rest_route=%2Fwp%2Fv2%2Fmedia&parent=1287"}],"wp:term":[{"taxonomy":"product_brand","embeddable":true,"href":"https:\/\/industriacolibri.com\/index.php?rest_route=%2Fwp%2Fv2%2Fproduct_brand&post=1287"},{"taxonomy":"product_cat","embeddable":true,"href":"https:\/\/industriacolibri.com\/index.php?rest_route=%2Fwp%2Fv2%2Fproduct_cat&post=1287"},{"taxonomy":"product_tag","embeddable":true,"href":"https:\/\/industriacolibri.com\/index.php?rest_route=%2Fwp%2Fv2%2Fproduct_tag&post=1287"}],"curies":[{"name":"wp","href":"https:\/\/api.w.org\/{rel}","templated":true}]}}