{"id":1286,"date":"2026-01-18T12:30:39","date_gmt":"2026-01-18T17:30:39","guid":{"rendered":"https:\/\/industriacolibri.com\/?post_type=product&#038;p=1286"},"modified":"2026-01-18T12:31:00","modified_gmt":"2026-01-18T17:31:00","slug":"ma-300","status":"publish","type":"product","link":"https:\/\/industriacolibri.com\/?product=ma-300","title":{"rendered":"MA 300"},"content":{"rendered":"<p>MA300<\/p>\n<p>Control de Acceso Biom\u00e9trico IP para Exterior<\/p>\n<ul>\n<li>Protecci\u00f3n IP65, Resistente y de Mayor Durabilidad.<\/li>\n<li>Cubierta Met\u00e1lica Anti-Vandalismo para Instalaci\u00f3n en Exteriores.<\/li>\n<li>R\u00e1pido y Preciso Algoritmo de Huella Digital.<\/li>\n<li>Capacidad para 1,500 Huellas 10,000 Tarjetas y 100,000 Registros.<\/li>\n<li>F\u00e1cil Instalaci\u00f3n y Conectividad.<\/li>\n<li>Entrada y Salida Wiegand.<\/li>\n<li>Interfaz TCP\/IP y RS485.<\/li>\n<li>Avanzadas Funciones de Control de Acceso.<\/li>\n<li>Lector de Huellas Digitales y Tarjetas RFID para Verificaci\u00f3n Combinada.<\/li>\n<\/ul>\n","protected":false},"excerpt":{"rendered":"<p>MA300 es un innovador lector biom\u00e9trico de huella digital para aplicaciones de control de acceso el cual adopta el avanzado algoritmo de ZK para ofrecer confiabilidad, precisi\u00f3n y r\u00e1pida velocidad de verificaci\u00f3n. Su cubierta met\u00e1lica y protecci\u00f3n IP65 lo hacen resistente al agua, polvo y da\u00f1os externos.<\/p>\n<p>El MA300 ofrece flexibilidad para ser instalado de manera aut\u00f3noma o con paneles de control de acceso que soporten formato Wiegand de 26 bits. Los usuarios puede ser registrados mediante una tarjeta de administrador cuando el dispositivo funciona en modo aut\u00f3nomo. Cuenta con interfaz TCP\/IP y RS485 para una f\u00e1cil conexi\u00f3n y escalabilidad<\/p>\n","protected":false},"featured_media":1316,"comment_status":"open","ping_status":"closed","template":"","meta":[],"product_brand":[],"product_cat":[130],"product_tag":[131,132,133,134],"class_list":{"0":"post-1286","1":"product","2":"type-product","3":"status-publish","4":"has-post-thumbnail","6":"product_cat-control-de-accesos","7":"product_tag-1500-huellas","8":"product_tag-biometrico-ip","9":"product_tag-control-de-acceso","10":"product_tag-lector-de-huellas","12":"first","13":"instock","14":"shipping-taxable","15":"purchasable","16":"product-type-simple"},"jetpack_sharing_enabled":true,"_links":{"self":[{"href":"https:\/\/industriacolibri.com\/index.php?rest_route=\/wp\/v2\/product\/1286","targetHints":{"allow":["GET"]}}],"collection":[{"href":"https:\/\/industriacolibri.com\/index.php?rest_route=\/wp\/v2\/product"}],"about":[{"href":"https:\/\/industriacolibri.com\/index.php?rest_route=\/wp\/v2\/types\/product"}],"replies":[{"embeddable":true,"href":"https:\/\/industriacolibri.com\/index.php?rest_route=%2Fwp%2Fv2%2Fcomments&post=1286"}],"wp:featuredmedia":[{"embeddable":true,"href":"https:\/\/industriacolibri.com\/index.php?rest_route=\/wp\/v2\/media\/1316"}],"wp:attachment":[{"href":"https:\/\/industriacolibri.com\/index.php?rest_route=%2Fwp%2Fv2%2Fmedia&parent=1286"}],"wp:term":[{"taxonomy":"product_brand","embeddable":true,"href":"https:\/\/industriacolibri.com\/index.php?rest_route=%2Fwp%2Fv2%2Fproduct_brand&post=1286"},{"taxonomy":"product_cat","embeddable":true,"href":"https:\/\/industriacolibri.com\/index.php?rest_route=%2Fwp%2Fv2%2Fproduct_cat&post=1286"},{"taxonomy":"product_tag","embeddable":true,"href":"https:\/\/industriacolibri.com\/index.php?rest_route=%2Fwp%2Fv2%2Fproduct_tag&post=1286"}],"curies":[{"name":"wp","href":"https:\/\/api.w.org\/{rel}","templated":true}]}}